{"id":846,"date":"2025-11-11T19:41:00","date_gmt":"2025-11-11T19:41:00","guid":{"rendered":"https:\/\/shopmama.lt\/produktas\/4-in-1-kletterset-fur-kleinkinder-pikler-dreieck-kletterbogen-rutschbrett-kissen-gebraucht-wie-neu\/"},"modified":"2025-11-11T19:45:03","modified_gmt":"2025-11-11T19:45:03","slug":"4-in-1-kletterset-fur-kleinkinder-pikler-dreieck-kletterbogen-rutschbrett-kissen-gebraucht-wie-neu","status":"publish","type":"product","link":"https:\/\/shopmama.lt\/lt\/produktas\/4-in-1-kletterset-fur-kleinkinder-pikler-dreieck-kletterbogen-rutschbrett-kissen-gebraucht-wie-neu\/","title":{"rendered":"4-in-1 Kletterset f\u00fcr Kleinkinder: Pikler-Dreieck + Kletterbogen + Rutschbrett + Kissen &#8211; \u201cGebraucht \u2013 Wie neu\u201d"},"content":{"rendered":"<p data-start=\"300\" data-end=\"646\">Bringen Sie Bewegung, Spa\u00df und Entwicklung in den Alltag Ihres Kindes mit diesem liebevoll gestalteten 4-in-1 Montessori Kletterset \u2013 perfekt f\u00fcr Kinder im Alter von 1 bis 3 Jahren. Inspiriert von der Montessori-Philosophie, f\u00f6rdert dieses Set die k\u00f6rperliche, emotionale und kognitive Entwicklung Ihres Kindes auf nat\u00fcrliche Weise.<\/p>\n<p data-start=\"648\" data-end=\"670\">Das Set besteht aus:<\/p>\n<ul data-start=\"671\" data-end=\"949\">\n<li data-start=\"671\" data-end=\"754\">\n<p data-start=\"673\" data-end=\"754\"><strong data-start=\"679\" data-end=\"697\">Pikler-Dreieck<\/strong> \u2013 unterst\u00fctzt Gleichgewicht, Kraft und Selbstvertrauen<\/p>\n<\/li>\n<li data-start=\"755\" data-end=\"817\">\n<p data-start=\"757\" data-end=\"817\"><strong data-start=\"760\" data-end=\"776\">Kletterbogen<\/strong> \u2013 regt Fantasie und Bewegungsfreude an<\/p>\n<\/li>\n<li data-start=\"818\" data-end=\"881\">\n<p data-start=\"820\" data-end=\"881\"><strong data-start=\"823\" data-end=\"838\">Rutschbrett<\/strong> \u2013 sorgt f\u00fcr spannende Auf- und Abfahrten<\/p>\n<\/li>\n<li data-start=\"882\" data-end=\"949\">\n<p data-start=\"884\" data-end=\"949\"><strong data-start=\"887\" data-end=\"897\">Kissen<\/strong> \u2013 macht das Spielen noch gem\u00fctlicher und sicherer<\/p>\n<\/li>\n<\/ul>\n<p data-start=\"951\" data-end=\"1212\">Dank seines kompakten Designs ist dieses Kletterset auch ideal f\u00fcr kleinere Wohnungen geeignet. Die glatte Holzoberfl\u00e4che und die neutralen Beiget\u00f6ne f\u00fcgen sich harmonisch in jedes Zuhause ein und schaffen eine warme, nat\u00fcrliche Spielumgebung.<\/p>\n<p data-start=\"1248\" data-end=\"1470\">Diese \u201eOpen-Box\u201c-Variante wurde vorsichtig behandelt oder vom Kunden zur\u00fcckgesendet, befindet sich jedoch in ausgezeichnetem Zustand. Sie bietet die gleiche hochwertige Qualit\u00e4t \u2013 zum attraktiveren Preis.<\/p>\n<p data-start=\"1472\" data-end=\"1564\">Bitte beachten Sie: Dieser Artikel ist ein Endverkauf und vom Umtausch ausgeschlossen.<\/p>\n<p data-start=\"1566\" data-end=\"1711\">\u2728 Schenken Sie Ihrem kleinen Entdecker Freude, Bewegung und Selbstvertrauen \u2013 mit dem 4-in-1 Montessori Kletterset zum unschlagbaren Preis!<\/p>","protected":false},"excerpt":{"rendered":"<p>Bringen Sie Bewegung, Spa\u00df und Entwicklung in den Alltag Ihres Kindes mit diesem liebevoll gestalteten 4-in-1 Montessori Kletterset \u2013 perfekt f\u00fcr Kinder im Alter von 1 bis 3 Jahren. Inspiriert von der Montessori-Philosophie, f\u00f6rdert dieses Set die k\u00f6rperliche, emotionale und kognitive Entwicklung Ihres Kindes auf nat\u00fcrliche Weise. Das Set besteht aus: Pikler-Dreieck \u2013 unterst\u00fctzt Gleichgewicht, [&hellip;]<\/p>","protected":false},"featured_media":907,"comment_status":"open","ping_status":"closed","template":"","meta":[],"product_brand":[],"product_cat":[15],"product_tag":[33,56],"class_list":{"0":"post-846","1":"product","2":"type-product","3":"status-publish","4":"has-post-thumbnail","6":"product_cat-be-kategorijos","7":"product_tag-goodeveu","8":"product_tag-used","10":"first","11":"instock","12":"taxable","13":"shipping-taxable","14":"purchasable","15":"product-type-simple"},"jetpack_sharing_enabled":true,"_links":{"self":[{"href":"https:\/\/shopmama.lt\/lt\/wp-json\/wp\/v2\/product\/846","targetHints":{"allow":["GET"]}}],"collection":[{"href":"https:\/\/shopmama.lt\/lt\/wp-json\/wp\/v2\/product"}],"about":[{"href":"https:\/\/shopmama.lt\/lt\/wp-json\/wp\/v2\/types\/product"}],"replies":[{"embeddable":true,"href":"https:\/\/shopmama.lt\/lt\/wp-json\/wp\/v2\/comments?post=846"}],"wp:featuredmedia":[{"embeddable":true,"href":"https:\/\/shopmama.lt\/lt\/wp-json\/wp\/v2\/media\/907"}],"wp:attachment":[{"href":"https:\/\/shopmama.lt\/lt\/wp-json\/wp\/v2\/media?parent=846"}],"wp:term":[{"taxonomy":"product_brand","embeddable":true,"href":"https:\/\/shopmama.lt\/lt\/wp-json\/wp\/v2\/product_brand?post=846"},{"taxonomy":"product_cat","embeddable":true,"href":"https:\/\/shopmama.lt\/lt\/wp-json\/wp\/v2\/product_cat?post=846"},{"taxonomy":"product_tag","embeddable":true,"href":"https:\/\/shopmama.lt\/lt\/wp-json\/wp\/v2\/product_tag?post=846"}],"curies":[{"name":"wp","href":"https:\/\/api.w.org\/{rel}","templated":true}]}}