{"id":845,"date":"2025-11-11T19:41:00","date_gmt":"2025-11-11T19:41:00","guid":{"rendered":"https:\/\/shopmama.lt\/produktas\/baby-einstein-aktiv-jatek-tapadokoronggal-sticky-spinner-3-ho\/"},"modified":"2025-11-11T19:44:18","modified_gmt":"2025-11-11T19:44:18","slug":"baby-einstein-aktiv-jatek-tapadokoronggal-sticky-spinner-3-ho","status":"publish","type":"product","link":"https:\/\/shopmama.lt\/lt\/produktas\/baby-einstein-aktiv-jatek-tapadokoronggal-sticky-spinner-3-ho\/","title":{"rendered":"Baby Einstein Akt\u00edv j\u00e1t\u00e9k tapad\u00f3koronggal, Sticky Spinner\u2122, 3 h\u00f3+"},"content":{"rendered":"<p><strong><\/strong><\/p>\n<p><strong>JELLEMZ\u0150K:<\/strong><\/p>\n<ul>\n<li>Mik\u00f6zben ez a<strong> j\u00e1t\u00e9k p\u00f6r\u00f6g \u00e9s \u00f6rv\u00e9nylik<\/strong>, az <strong>\u00e9l\u00e9nk sz\u00edn\u0171 lamell\u00e1k<\/strong> gy\u00f6ny\u00f6r\u0171 vizu\u00e1lis \u00e9lm\u00e9nyt ny\u00fajtanak<\/li>\n<li>A <strong>lamell\u00e1kat m\u00e9g a kis kezek is k\u00f6nnyen megfogj\u00e1k<\/strong> \u00e9s p\u00f6rgetik, ami t\u00e1mogatja a <strong>szem-k\u00e9z koordin\u00e1ci\u00f3t \u00e9s a finom motorikus k\u00e9szs\u00e9geket<\/strong><\/li>\n<li>A <strong>tapad\u00f3korongos alap<\/strong>pal r\u00f6gz\u00edthet\u0151 a j\u00e1t\u00e9k, amikor a mozg\u00e9kony gyermeket kell sz\u00f3rakoztatnia<\/li>\n<li>Haszn\u00e1ld j\u00e1t\u00e9kk\u00e9nt, amikor cs\u00f6pps\u00e9ged etet\u0151sz\u00e9kben \u00fcl, vagy dobd be a pelenk\u00e1z\u00f3t\u00e1sk\u00e1ba, hogy mindig k\u00e9zn\u00e9l legyen<\/li>\n<li><strong>3 h\u00f3napos kort\u00f3l<\/strong> aj\u00e1nlott<\/li>\n<li>Term\u00e9k m\u00e9rete: 10,16 x 12,19 x 12,7 cm<\/li>\n<\/ul>","protected":false},"excerpt":{"rendered":"<p>JELLEMZ\u0150K: Mik\u00f6zben ez a j\u00e1t\u00e9k p\u00f6r\u00f6g \u00e9s \u00f6rv\u00e9nylik, az \u00e9l\u00e9nk sz\u00edn\u0171 lamell\u00e1k gy\u00f6ny\u00f6r\u0171 vizu\u00e1lis \u00e9lm\u00e9nyt ny\u00fajtanak A lamell\u00e1kat m\u00e9g a kis kezek is k\u00f6nnyen megfogj\u00e1k \u00e9s p\u00f6rgetik, ami t\u00e1mogatja a szem-k\u00e9z koordin\u00e1ci\u00f3t \u00e9s a finom motorikus k\u00e9szs\u00e9geket A tapad\u00f3korongos alappal r\u00f6gz\u00edthet\u0151 a j\u00e1t\u00e9k, amikor a mozg\u00e9kony gyermeket kell sz\u00f3rakoztatnia Haszn\u00e1ld j\u00e1t\u00e9kk\u00e9nt, amikor cs\u00f6pps\u00e9ged etet\u0151sz\u00e9kben \u00fcl, [&hellip;]<\/p>","protected":false},"featured_media":902,"comment_status":"open","ping_status":"closed","template":"","meta":[],"product_brand":[],"product_cat":[15],"product_tag":[],"class_list":{"0":"post-845","1":"product","2":"type-product","3":"status-publish","4":"has-post-thumbnail","6":"product_cat-be-kategorijos","8":"first","9":"instock","10":"taxable","11":"shipping-taxable","12":"purchasable","13":"product-type-simple"},"jetpack_sharing_enabled":true,"_links":{"self":[{"href":"https:\/\/shopmama.lt\/lt\/wp-json\/wp\/v2\/product\/845","targetHints":{"allow":["GET"]}}],"collection":[{"href":"https:\/\/shopmama.lt\/lt\/wp-json\/wp\/v2\/product"}],"about":[{"href":"https:\/\/shopmama.lt\/lt\/wp-json\/wp\/v2\/types\/product"}],"replies":[{"embeddable":true,"href":"https:\/\/shopmama.lt\/lt\/wp-json\/wp\/v2\/comments?post=845"}],"wp:featuredmedia":[{"embeddable":true,"href":"https:\/\/shopmama.lt\/lt\/wp-json\/wp\/v2\/media\/902"}],"wp:attachment":[{"href":"https:\/\/shopmama.lt\/lt\/wp-json\/wp\/v2\/media?parent=845"}],"wp:term":[{"taxonomy":"product_brand","embeddable":true,"href":"https:\/\/shopmama.lt\/lt\/wp-json\/wp\/v2\/product_brand?post=845"},{"taxonomy":"product_cat","embeddable":true,"href":"https:\/\/shopmama.lt\/lt\/wp-json\/wp\/v2\/product_cat?post=845"},{"taxonomy":"product_tag","embeddable":true,"href":"https:\/\/shopmama.lt\/lt\/wp-json\/wp\/v2\/product_tag?post=845"}],"curies":[{"name":"wp","href":"https:\/\/api.w.org\/{rel}","templated":true}]}}