{"id":844,"date":"2025-11-11T19:41:00","date_gmt":"2025-11-11T19:41:00","guid":{"rendered":"https:\/\/shopmama.lt\/produktas\/baby-einstein-fajatek-magic-touch-zongora-12-ho\/"},"modified":"2025-11-11T19:44:15","modified_gmt":"2025-11-11T19:44:15","slug":"baby-einstein-fajatek-magic-touch-zongora-12-ho","status":"publish","type":"product","link":"https:\/\/shopmama.lt\/lt\/produktas\/baby-einstein-fajatek-magic-touch-zongora-12-ho\/","title":{"rendered":"Baby Einstein Faj\u00e1t\u00e9k, Magic Touch Zongora, 12 h\u00f3+"},"content":{"rendered":"<p style=\"text-align: justify\"><strong><\/strong><\/p>\n<p style=\"text-align: justify\"><strong>JELLEMZ\u0150K:<\/strong><\/p>\n<ul>\n<li style=\"text-align: justify\"><strong>12 h\u00f3napos kort\u00f3l<\/strong> aj\u00e1nlott<\/li>\n<li style=\"text-align: justify\">A Magic Touch zongora <strong>N\u00e9metorsz\u00e1gban megnyerte a ToyAward 2019 d\u00edjat<\/strong> a Baby&amp;Infant kateg\u00f3ri\u00e1ban, 2018-ban pedig a <strong>Grand Prix du Jouet d\u00edjat Franciaorsz\u00e1gban<\/strong><\/li>\n<li style=\"text-align: justify\">A Magic Touch technol\u00f3gia azt jelenti, <strong>nincs t\u00f6bb\u00e9 sz\u00fcks\u00e9g gombokra<\/strong><\/li>\n<li style=\"text-align: justify\">Az <strong>innovat\u00edv, f\u00e1b\u00f3l k\u00e9sz\u00fclt zongorabillenty\u0171k<\/strong> nem hagyom\u00e1nyos m\u00f3don m\u0171k\u00f6dnek, hanem a meleg ujjacsk\u00e1k \u00e9rint\u00e9s\u00e9vel<\/li>\n<li style=\"text-align: justify\">A <strong>k\u00e9t j\u00e1t\u00e9km\u00f3d<\/strong> lehet\u0151v\u00e9 teszi a gyermek sz\u00e1m\u00e1ra, hogy saj\u00e1t zen\u00e9t hozzon l\u00e9tre, vagy egy\u00fctt j\u00e1tszhat a klasszikus dallamokkal<\/li>\n<li style=\"text-align: justify\">A<strong> zongor\u00e1hoz h\u00e1rom lap tartozik<\/strong>, melyeken a dalok sz\u00ednes jegyzetekk\u00e9nt vannak jel\u00f6lve<\/li>\n<li style=\"text-align: justify\">A gyermek <strong>megtanulja a sz\u00ednkombin\u00e1ci\u00f3kat a lapokon \u00e9s a billenty\u0171k\u00f6n felt\u00fcntetett sz\u00ednek seg\u00edts\u00e9g\u00e9vel<\/strong><\/li>\n<li style=\"text-align: justify\"><strong>Be\u00e1ll\u00edthatod a hanger\u0151t<\/strong>, ahol a hangmin\u0151s\u00e9get a j\u00f3 min\u0151s\u00e9g\u0171 hangsz\u00f3r\u00f3 garant\u00e1lja<\/li>\n<li style=\"text-align: justify\">A j\u00e1t\u00e9k a Hape gy\u00e1rt\u00f3val egy\u00fcttm\u0171k\u00f6dve k\u00e9sz\u00fclt<\/li>\n<li style=\"text-align: justify\"><strong>Minden fa j\u00e1t\u00e9k kiv\u00e1l\u00f3 min\u0151s\u00e9g\u0171 anyagokb\u00f3l, egyedi kialak\u00edt\u00e1ssal, gyermekoktat\u00e1si \u00e9s k\u00f6rnyezetv\u00e9delmi \u00f6tletekkel \u00f6tv\u00f6zve k\u00e9sz\u00fcl<\/strong><\/li>\n<li style=\"text-align: justify\">A fa j\u00e1t\u00e9kok <strong>megfelelnek az \u00f6sszes nemzetk\u00f6zi biztons\u00e1gi el\u0151\u00edr\u00e1snak<\/strong><\/li>\n<li style=\"text-align: justify\">A Hape, a fa j\u00e1t\u00e9kgy\u00e1rt\u00f3 teljesen meg\u00e9rti a k\u00f6rnyezetre m\u00e9rt hat\u00e1sokat, \u00e9s c\u00e9ljuk biztons\u00e1gos \u00e9s tiszta vil\u00e1got k\u00edn\u00e1lni a gyermekeknek<\/li>\n<li style=\"text-align: justify\">3 db AA elemre van sz\u00fcks\u00e9g, nem tartoz\u00e9k<\/li>\n<li style=\"text-align: justify\"><strong>Tiszt\u00edt\u00e1s:<\/strong> t\u00f6r\u00f6ld \u00e1t nedves, enyh\u00e9n szappanos ruh\u00e1val. Ne mer\u00edtsd v\u00edzbe<\/li>\n<li style=\"text-align: justify\">Term\u00e9k m\u00e9rete: 30,5 cm x 12,7 cm x 22,9 cm<\/li>\n<\/ul>","protected":false},"excerpt":{"rendered":"<p>JELLEMZ\u0150K: 12 h\u00f3napos kort\u00f3l aj\u00e1nlott A Magic Touch zongora N\u00e9metorsz\u00e1gban megnyerte a ToyAward 2019 d\u00edjat a Baby&amp;Infant kateg\u00f3ri\u00e1ban, 2018-ban pedig a Grand Prix du Jouet d\u00edjat Franciaorsz\u00e1gban A Magic Touch technol\u00f3gia azt jelenti, nincs t\u00f6bb\u00e9 sz\u00fcks\u00e9g gombokra Az innovat\u00edv, f\u00e1b\u00f3l k\u00e9sz\u00fclt zongorabillenty\u0171k nem hagyom\u00e1nyos m\u00f3don m\u0171k\u00f6dnek, hanem a meleg ujjacsk\u00e1k \u00e9rint\u00e9s\u00e9vel A k\u00e9t j\u00e1t\u00e9km\u00f3d lehet\u0151v\u00e9 [&hellip;]<\/p>","protected":false},"featured_media":892,"comment_status":"open","ping_status":"closed","template":"","meta":[],"product_brand":[],"product_cat":[15],"product_tag":[],"class_list":{"0":"post-844","1":"product","2":"type-product","3":"status-publish","4":"has-post-thumbnail","6":"product_cat-be-kategorijos","8":"first","9":"instock","10":"taxable","11":"shipping-taxable","12":"purchasable","13":"product-type-simple"},"jetpack_sharing_enabled":true,"_links":{"self":[{"href":"https:\/\/shopmama.lt\/lt\/wp-json\/wp\/v2\/product\/844","targetHints":{"allow":["GET"]}}],"collection":[{"href":"https:\/\/shopmama.lt\/lt\/wp-json\/wp\/v2\/product"}],"about":[{"href":"https:\/\/shopmama.lt\/lt\/wp-json\/wp\/v2\/types\/product"}],"replies":[{"embeddable":true,"href":"https:\/\/shopmama.lt\/lt\/wp-json\/wp\/v2\/comments?post=844"}],"wp:featuredmedia":[{"embeddable":true,"href":"https:\/\/shopmama.lt\/lt\/wp-json\/wp\/v2\/media\/892"}],"wp:attachment":[{"href":"https:\/\/shopmama.lt\/lt\/wp-json\/wp\/v2\/media?parent=844"}],"wp:term":[{"taxonomy":"product_brand","embeddable":true,"href":"https:\/\/shopmama.lt\/lt\/wp-json\/wp\/v2\/product_brand?post=844"},{"taxonomy":"product_cat","embeddable":true,"href":"https:\/\/shopmama.lt\/lt\/wp-json\/wp\/v2\/product_cat?post=844"},{"taxonomy":"product_tag","embeddable":true,"href":"https:\/\/shopmama.lt\/lt\/wp-json\/wp\/v2\/product_tag?post=844"}],"curies":[{"name":"wp","href":"https:\/\/api.w.org\/{rel}","templated":true}]}}