{"id":842,"date":"2025-11-11T19:40:59","date_gmt":"2025-11-11T19:40:59","guid":{"rendered":"https:\/\/shopmama.lt\/produktas\/staffelei-mit-kinderstuhl-perfekt-fur-indoor-klettergerust\/"},"modified":"2025-11-11T19:44:06","modified_gmt":"2025-11-11T19:44:06","slug":"staffelei-mit-kinderstuhl-perfekt-fur-indoor-klettergerust","status":"publish","type":"product","link":"https:\/\/shopmama.lt\/lt\/produktas\/staffelei-mit-kinderstuhl-perfekt-fur-indoor-klettergerust\/","title":{"rendered":"Staffelei mit Kinderstuhl \u2013 Perfekt f\u00fcr Indoor Kletterger\u00fcst"},"content":{"rendered":"<p data-mce-fragment=\"1\"><span style=\"font-weight: 400\" data-mce-fragment=\"1\">Als k\u00fcnstlerische Erg\u00e4nzung zur Dreiecksleiter ist dies ein multifunktionaler Kunsttisch f\u00fcr Kinder. Er vereint die Vorteile eines verstellbaren Tisches und einer Staffelei in einem Produkt. Kinder k\u00f6nnen es als Tisch zum Zeichnen oder Schreiben sowie als Ort zum Anschauen von Zeichentrickfilmen oder zum Spielen mit Spielzeug verwenden.<\/span><\/p>\n<p data-mce-fragment=\"1\"><span style=\"font-weight: 400\" data-mce-fragment=\"1\">Als Anschlagpunkt ben\u00f6tigen Sie lediglich die Goodevas Dreiecksleiter, die sich durch gro\u00dfe Funktionalit\u00e4t und einfache Handhabung auszeichnet. Dank seines Designs k\u00f6nnen Sie sie leicht im Haus bewegen &#8211; stellen Sie den Tisch einfach auf die richtige H\u00f6he und verwenden Sie ihn!<\/span><\/p>\n<p data-mce-fragment=\"1\"><span style=\"font-weight: 400\" data-mce-fragment=\"1\">Die Kunsterg\u00e4nzung kann auch an einer Kletterwand befestigt werden und verwandelt sie in einen vollst\u00e4ndigen Kunstraum.<\/span><\/p>\n<p data-mce-fragment=\"1\"><strong>Materialien<\/strong><\/p>\n<p data-mce-fragment=\"1\"><span style=\"font-weight: 400\" data-mce-fragment=\"1\">Sie besteht zu 100 % aus umweltfreundlichen Materialien und ihre Montage dauert nicht l\u00e4nger als 20 Minuten. Dank des funktionalen Designs lassen sich Tisch und Staffelei schnell abnehmen, wenn Kinder sich entscheiden, vom Malen oder Schreiben zum Klettern zu wechseln.<\/span><strong><\/strong><\/p>\n<ul><\/ul>","protected":false},"excerpt":{"rendered":"<p>Als k\u00fcnstlerische Erg\u00e4nzung zur Dreiecksleiter ist dies ein multifunktionaler Kunsttisch f\u00fcr Kinder. Er vereint die Vorteile eines verstellbaren Tisches und einer Staffelei in einem Produkt. Kinder k\u00f6nnen es als Tisch zum Zeichnen oder Schreiben sowie als Ort zum Anschauen von Zeichentrickfilmen oder zum Spielen mit Spielzeug verwenden. Als Anschlagpunkt ben\u00f6tigen Sie lediglich die Goodevas Dreiecksleiter, [&hellip;]<\/p>","protected":false},"featured_media":882,"comment_status":"open","ping_status":"closed","template":"","meta":[],"product_brand":[],"product_cat":[15],"product_tag":[55,33],"class_list":{"0":"post-842","1":"product","2":"type-product","3":"status-publish","4":"has-post-thumbnail","6":"product_cat-be-kategorijos","7":"product_tag-4-7-jahre-accessories","8":"product_tag-goodeveu","10":"first","11":"instock","12":"taxable","13":"shipping-taxable","14":"purchasable","15":"product-type-simple"},"jetpack_sharing_enabled":true,"_links":{"self":[{"href":"https:\/\/shopmama.lt\/lt\/wp-json\/wp\/v2\/product\/842","targetHints":{"allow":["GET"]}}],"collection":[{"href":"https:\/\/shopmama.lt\/lt\/wp-json\/wp\/v2\/product"}],"about":[{"href":"https:\/\/shopmama.lt\/lt\/wp-json\/wp\/v2\/types\/product"}],"replies":[{"embeddable":true,"href":"https:\/\/shopmama.lt\/lt\/wp-json\/wp\/v2\/comments?post=842"}],"wp:featuredmedia":[{"embeddable":true,"href":"https:\/\/shopmama.lt\/lt\/wp-json\/wp\/v2\/media\/882"}],"wp:attachment":[{"href":"https:\/\/shopmama.lt\/lt\/wp-json\/wp\/v2\/media?parent=842"}],"wp:term":[{"taxonomy":"product_brand","embeddable":true,"href":"https:\/\/shopmama.lt\/lt\/wp-json\/wp\/v2\/product_brand?post=842"},{"taxonomy":"product_cat","embeddable":true,"href":"https:\/\/shopmama.lt\/lt\/wp-json\/wp\/v2\/product_cat?post=842"},{"taxonomy":"product_tag","embeddable":true,"href":"https:\/\/shopmama.lt\/lt\/wp-json\/wp\/v2\/product_tag?post=842"}],"curies":[{"name":"wp","href":"https:\/\/api.w.org\/{rel}","templated":true}]}}