{"id":839,"date":"2025-11-11T19:40:58","date_gmt":"2025-11-11T19:40:58","guid":{"rendered":"https:\/\/shopmama.lt\/produktas\/baby-einstein-aktiv-jatekiv-fenyekkel-glow-discover-light-bar-3-ho\/"},"modified":"2025-11-11T19:42:59","modified_gmt":"2025-11-11T19:42:59","slug":"baby-einstein-aktiv-jatekiv-fenyekkel-glow-discover-light-bar-3-ho","status":"publish","type":"product","link":"https:\/\/shopmama.lt\/lt\/produktas\/baby-einstein-aktiv-jatekiv-fenyekkel-glow-discover-light-bar-3-ho\/","title":{"rendered":"Baby Einstein Akt\u00edv J\u00e1t\u00e9k\u00edv f\u00e9nyekkel, Glow &amp; Discover Light Bar\u2122, 3 h\u00f3+"},"content":{"rendered":"<p style=\"text-align: justify\"><strong><\/strong><\/p>\n<p style=\"text-align: justify\"><strong>JELLEMZ\u0150K:<\/strong><\/p>\n<ul>\n<li style=\"text-align: justify\"><strong>\u00d6szt\u00f6nzi az \u00e9rz\u00e9keket a h\u00e1rom k\u00fcl\u00f6nb\u00f6z\u0151 m\u00f3ddal<\/strong>, \u00e1llatok hangjai, sz\u00ednek \u00e9s a kedvenc xilofon hangja<\/li>\n<li style=\"text-align: justify\">V\u00e1lassz a h\u00e1rom nyelv k\u00f6z\u00fcl: <strong>angol, spanyol vagy francia<\/strong><\/li>\n<li style=\"text-align: justify\">Az akt\u00edv j\u00e1t\u00e9k\u00edvet <strong>helyezd v\u00edzszintes poz\u00edci\u00f3ba, ha a gyermek hasra fekve j\u00e1tszik<\/strong>, ha a gyermek <strong>\u00fclve<\/strong> j\u00e1tszik <strong>haszn\u00e1lhatja a t\u00e1maszt\u00f3l\u00e1bakat<\/strong> a jobb d\u0151l\u00e9ssz\u00f6g \u00e9rdek\u00e9ben<\/li>\n<li style=\"text-align: justify\">A j\u00e1t\u00e9kot befejezve a j\u00e1t\u00e9k\u00edv<strong> praktikusan \u00f6sszecsukhat\u00f3<\/strong>, \u00edgy k\u00f6nnyen t\u00e1rolhat\u00f3 \u00e9s hordozhat\u00f3<\/li>\n<li style=\"text-align: justify\">Gyermekek sz\u00e1m\u00e1ra<strong> 3 h\u00f3napos kort\u00f3l<\/strong> aj\u00e1nlott<\/li>\n<li style=\"text-align: justify\">M\u00e9retek: 14.86 cm x 32.51 cm x 22.86 cm<\/li>\n<\/ul>","protected":false},"excerpt":{"rendered":"<p>JELLEMZ\u0150K: \u00d6szt\u00f6nzi az \u00e9rz\u00e9keket a h\u00e1rom k\u00fcl\u00f6nb\u00f6z\u0151 m\u00f3ddal, \u00e1llatok hangjai, sz\u00ednek \u00e9s a kedvenc xilofon hangja V\u00e1lassz a h\u00e1rom nyelv k\u00f6z\u00fcl: angol, spanyol vagy francia Az akt\u00edv j\u00e1t\u00e9k\u00edvet helyezd v\u00edzszintes poz\u00edci\u00f3ba, ha a gyermek hasra fekve j\u00e1tszik, ha a gyermek \u00fclve j\u00e1tszik haszn\u00e1lhatja a t\u00e1maszt\u00f3l\u00e1bakat a jobb d\u0151l\u00e9ssz\u00f6g \u00e9rdek\u00e9ben A j\u00e1t\u00e9kot befejezve a j\u00e1t\u00e9k\u00edv praktikusan [&hellip;]<\/p>","protected":false},"featured_media":866,"comment_status":"open","ping_status":"closed","template":"","meta":[],"product_brand":[],"product_cat":[15],"product_tag":[],"class_list":{"0":"post-839","1":"product","2":"type-product","3":"status-publish","4":"has-post-thumbnail","6":"product_cat-be-kategorijos","8":"first","9":"instock","10":"taxable","11":"shipping-taxable","12":"purchasable","13":"product-type-simple"},"jetpack_sharing_enabled":true,"_links":{"self":[{"href":"https:\/\/shopmama.lt\/lt\/wp-json\/wp\/v2\/product\/839","targetHints":{"allow":["GET"]}}],"collection":[{"href":"https:\/\/shopmama.lt\/lt\/wp-json\/wp\/v2\/product"}],"about":[{"href":"https:\/\/shopmama.lt\/lt\/wp-json\/wp\/v2\/types\/product"}],"replies":[{"embeddable":true,"href":"https:\/\/shopmama.lt\/lt\/wp-json\/wp\/v2\/comments?post=839"}],"wp:featuredmedia":[{"embeddable":true,"href":"https:\/\/shopmama.lt\/lt\/wp-json\/wp\/v2\/media\/866"}],"wp:attachment":[{"href":"https:\/\/shopmama.lt\/lt\/wp-json\/wp\/v2\/media?parent=839"}],"wp:term":[{"taxonomy":"product_brand","embeddable":true,"href":"https:\/\/shopmama.lt\/lt\/wp-json\/wp\/v2\/product_brand?post=839"},{"taxonomy":"product_cat","embeddable":true,"href":"https:\/\/shopmama.lt\/lt\/wp-json\/wp\/v2\/product_cat?post=839"},{"taxonomy":"product_tag","embeddable":true,"href":"https:\/\/shopmama.lt\/lt\/wp-json\/wp\/v2\/product_tag?post=839"}],"curies":[{"name":"wp","href":"https:\/\/api.w.org\/{rel}","templated":true}]}}