{"id":837,"date":"2025-11-11T19:40:56","date_gmt":"2025-11-11T19:40:56","guid":{"rendered":"https:\/\/shopmama.lt\/produktas\/kissen-fur-kletterbogen-mit-sternenmuster-2\/"},"modified":"2025-11-11T19:45:27","modified_gmt":"2025-11-11T19:45:27","slug":"kissen-fur-kletterbogen-mit-sternenmuster-2","status":"publish","type":"product","link":"https:\/\/shopmama.lt\/lt\/produktas\/kissen-fur-kletterbogen-mit-sternenmuster-2\/","title":{"rendered":"Kissen f\u00fcr Kletterbogen \u2013 mit Sternenmuster"},"content":{"rendered":"<p data-mce-fragment=\"1\"><span style=\"font-weight: 400\" data-mce-fragment=\"1\">Das weiche und wolken\u00e4hnliche Kissen f\u00fcr den Goodevas-Bogen bietet die perfekte Liegefl\u00e4che f\u00fcr Kinder, auf der sie ihr Lieblingshobby &#8211; das Schaukeln &#8211; genie\u00dfen k\u00f6nnen!<\/span><\/p>\n<p data-mce-fragment=\"1\"><span style=\"font-weight: 400\" data-mce-fragment=\"1\">Es wurde speziell in \u00dcbereinstimmung mit den Montessori-Prinzipien entwickelt und gefertigt, damit jeder Mensch eine angenehme Erfahrung haben kann, unabh\u00e4ngig von seinem Alter. Die weichen, leichten Schichten sorgen f\u00fcr perfektes Liegen und Schaukeln, sodass sich jede Position angenehm anf\u00fchlt.<\/span><\/p>\n<p data-mce-fragment=\"1\"><span style=\"font-weight: 400\" data-mce-fragment=\"1\">Alle Kissen sind aus nat\u00fcrlicher Baumwolle gefertigt und halten Ihr Baby sicher und bequem. Eine weitere sch\u00f6ne Sache an diesem Modell sind seine vier Krawatten: Jede l\u00e4sst sich mit Leichtigkeit sicher an einer Bogenwippe befestigen.<\/span><\/p>\n<p data-mce-fragment=\"1\"><span style=\"font-weight: 400\" data-mce-fragment=\"1\">Wenn Sie eine tolle Geschenkidee f\u00fcr Weihnachten, eine Babyparty oder eine Geburtstagsfeier suchen, wird dieses einzigartige Kissen von allen Kindern geliebt werden!<\/span><b data-mce-fragment=\"1\"><\/b><\/p>","protected":false},"excerpt":{"rendered":"<p>Das weiche und wolken\u00e4hnliche Kissen f\u00fcr den Goodevas-Bogen bietet die perfekte Liegefl\u00e4che f\u00fcr Kinder, auf der sie ihr Lieblingshobby &#8211; das Schaukeln &#8211; genie\u00dfen k\u00f6nnen! Es wurde speziell in \u00dcbereinstimmung mit den Montessori-Prinzipien entwickelt und gefertigt, damit jeder Mensch eine angenehme Erfahrung haben kann, unabh\u00e4ngig von seinem Alter. Die weichen, leichten Schichten sorgen f\u00fcr perfektes [&hellip;]<\/p>","protected":false},"featured_media":855,"comment_status":"open","ping_status":"closed","template":"","meta":[],"product_brand":[],"product_cat":[15],"product_tag":[39,33],"class_list":{"0":"post-837","1":"product","2":"type-product","3":"status-publish","4":"has-post-thumbnail","6":"product_cat-be-kategorijos","7":"product_tag-1-3-jahre-1-7-jahre-accessories","8":"product_tag-goodeveu","10":"first","11":"instock","12":"taxable","13":"shipping-taxable","14":"purchasable","15":"product-type-variable"},"jetpack_sharing_enabled":true,"_links":{"self":[{"href":"https:\/\/shopmama.lt\/lt\/wp-json\/wp\/v2\/product\/837","targetHints":{"allow":["GET"]}}],"collection":[{"href":"https:\/\/shopmama.lt\/lt\/wp-json\/wp\/v2\/product"}],"about":[{"href":"https:\/\/shopmama.lt\/lt\/wp-json\/wp\/v2\/types\/product"}],"replies":[{"embeddable":true,"href":"https:\/\/shopmama.lt\/lt\/wp-json\/wp\/v2\/comments?post=837"}],"wp:featuredmedia":[{"embeddable":true,"href":"https:\/\/shopmama.lt\/lt\/wp-json\/wp\/v2\/media\/855"}],"wp:attachment":[{"href":"https:\/\/shopmama.lt\/lt\/wp-json\/wp\/v2\/media?parent=837"}],"wp:term":[{"taxonomy":"product_brand","embeddable":true,"href":"https:\/\/shopmama.lt\/lt\/wp-json\/wp\/v2\/product_brand?post=837"},{"taxonomy":"product_cat","embeddable":true,"href":"https:\/\/shopmama.lt\/lt\/wp-json\/wp\/v2\/product_cat?post=837"},{"taxonomy":"product_tag","embeddable":true,"href":"https:\/\/shopmama.lt\/lt\/wp-json\/wp\/v2\/product_tag?post=837"}],"curies":[{"name":"wp","href":"https:\/\/api.w.org\/{rel}","templated":true}]}}