{"id":827,"date":"2025-11-10T19:44:13","date_gmt":"2025-11-10T19:44:13","guid":{"rendered":"https:\/\/shopmama.lt\/produktas\/kudikio-lovyte-vaiku-kambario-baldu-komplektas-victor-120x60cm\/"},"modified":"2025-11-11T19:40:20","modified_gmt":"2025-11-11T19:40:20","slug":"kudikio-lovyte-vaiku-kambario-baldu-komplektas-victor-120x60cm","status":"publish","type":"product","link":"https:\/\/shopmama.lt\/lt\/produktas\/kudikio-lovyte-vaiku-kambario-baldu-komplektas-victor-120x60cm\/","title":{"rendered":"K\u016bdikio lovyt\u0117, vaik\u0173 kambario bald\u0173 komplektas  &#8220;VICTOR&#8221; 120x60cm"},"content":{"rendered":"<ul>\n<li>&#8220;Victor\u201c k\u016bdiki\u0173 kolekcija buvo sukurta siekiant sukurti saugi\u0105 erdv\u0119 vaiko vystymuisi.<br data-mce-fragment=\"1\">Formos paprastumas atitinka dabartines tendencijas ir suteikia lengvumo, kad gal\u0117tum\u0117te sukurti derin\u012f moderniam vaik\u0173 kambariui.<br data-mce-fragment=\"1\">Gerai apgalvoti sprendimai u\u017etikrina, kad lovel\u0117 b\u016bt\u0173 pritaikoma vaiko am\u017eiui.<\/li>\n<li>Laminuota med\u017eio dro\u017eli\u0173 plok\u0161t\u0117 18mm<\/li>\n<li>Lakuotos, <strong>\u0105\u017euolo masyvo kojos<\/strong>\n<\/li>\n<li>Lakuotos, <strong>pu\u0161ies masyvo grotel\u0117s<\/strong>\n<\/li>\n<li>Tarpai tarp groteli\u0173: 5,3 cm<\/li>\n<li>Galimos <strong>trys \u010diu\u017einio gylio pad\u0117tys<\/strong>\n<\/li>\n<\/ul>\n<ul>\n<li>\n<strong>Atitinka saugumo standartus ir<\/strong>\u00a0<strong>turi PN-EN 716-1 + AC: 2019-07 issued\u00a0 sertifikat\u0105.<\/strong>\n<\/li>\n<li><strong>Lovyt\u0117 parduodama BE \u010diu\u017einio<\/strong><\/li>\n<\/ul>\n<p>\u00a0<\/p>\n<p><strong>Lovos\u00a0\u00a0<\/strong><strong>matmenys:<\/strong><\/p>\n<ul>\n<li>auk\u0161tis: 89 cm<\/li>\n<li>plotis: 66 cm<\/li>\n<li>ilgis: 130 cm<\/li>\n<li><strong>Spalva &#8211; balta ir nat\u016brali \u0105\u017euolo<\/strong><\/li>\n<\/ul>\n<p>\u00a0<\/p>\n<p><strong>Miegama vieta\u00a0<\/strong><\/p>\n<ul>\n<li>ilgis: 120 cm<\/li>\n<li>plotis: 60 cm<\/li>\n<\/ul>\n<p><\/p>\n<div>\n<div data-mce-fragment=\"1\"><\/div>\n<\/div>\n<p>\u017dymos:\u00a0k\u016bdikio_lovyt\u0117_vaiko_kambariui_lovyt\u0117_k\u016bdikiui_k\u016bdyki\u0173_lovyt\u0117s_vaiko_kambarys_vaiko_kambario_baldai_lovyt\u0117_vaiko_vystymui_baldu_kompektas_vaiko_kambariui_kudikiu_lovytes_vaikiskos_lovytes_vaikiski_baldai_baldai_vaikams_lovos_kudykiams_stilinga_balta_kudykiu_lovyte_klasikine_lovyte_kudykiams_<\/p>","protected":false},"excerpt":{"rendered":"<p>&#8220;Victor\u201c k\u016bdiki\u0173 kolekcija buvo sukurta siekiant sukurti saugi\u0105 erdv\u0119 vaiko vystymuisi.Formos paprastumas atitinka dabartines tendencijas ir suteikia lengvumo, kad gal\u0117tum\u0117te sukurti derin\u012f moderniam vaik\u0173 kambariui.Gerai apgalvoti sprendimai u\u017etikrina, kad lovel\u0117 b\u016bt\u0173 pritaikoma vaiko am\u017eiui. Laminuota med\u017eio dro\u017eli\u0173 plok\u0161t\u0117 18mm Lakuotos, \u0105\u017euolo masyvo kojos Lakuotos, pu\u0161ies masyvo grotel\u0117s Tarpai tarp groteli\u0173: 5,3 cm Galimos trys \u010diu\u017einio [&hellip;]<\/p>","protected":false},"featured_media":828,"comment_status":"open","ping_status":"closed","template":"","meta":[],"product_brand":[],"product_cat":[15],"product_tag":[48,49],"class_list":{"0":"post-827","1":"product","2":"type-product","3":"status-publish","4":"has-post-thumbnail","6":"product_cat-be-kategorijos","7":"product_tag-baldai-baldeliai-stilingas-vaiko-kambarys-stilingi-vaikiski-baldai-stilingi-vaiko-kambario-baldai-vaikiskai-baldai","8":"product_tag-kind","10":"first","11":"instock","12":"taxable","13":"shipping-taxable","14":"purchasable","15":"product-type-simple"},"jetpack_sharing_enabled":true,"_links":{"self":[{"href":"https:\/\/shopmama.lt\/lt\/wp-json\/wp\/v2\/product\/827","targetHints":{"allow":["GET"]}}],"collection":[{"href":"https:\/\/shopmama.lt\/lt\/wp-json\/wp\/v2\/product"}],"about":[{"href":"https:\/\/shopmama.lt\/lt\/wp-json\/wp\/v2\/types\/product"}],"replies":[{"embeddable":true,"href":"https:\/\/shopmama.lt\/lt\/wp-json\/wp\/v2\/comments?post=827"}],"wp:featuredmedia":[{"embeddable":true,"href":"https:\/\/shopmama.lt\/lt\/wp-json\/wp\/v2\/media\/828"}],"wp:attachment":[{"href":"https:\/\/shopmama.lt\/lt\/wp-json\/wp\/v2\/media?parent=827"}],"wp:term":[{"taxonomy":"product_brand","embeddable":true,"href":"https:\/\/shopmama.lt\/lt\/wp-json\/wp\/v2\/product_brand?post=827"},{"taxonomy":"product_cat","embeddable":true,"href":"https:\/\/shopmama.lt\/lt\/wp-json\/wp\/v2\/product_cat?post=827"},{"taxonomy":"product_tag","embeddable":true,"href":"https:\/\/shopmama.lt\/lt\/wp-json\/wp\/v2\/product_tag?post=827"}],"curies":[{"name":"wp","href":"https:\/\/api.w.org\/{rel}","templated":true}]}}