{"id":790,"date":"2025-11-09T19:38:45","date_gmt":"2025-11-09T19:38:45","guid":{"rendered":"https:\/\/shopmama.lt\/produktas\/apollo-4in1-kletterset-pikler-dreieck-kletterbogen-rutschbrett-und-kissen-fur-kleine-kleinkind-astronauten\/"},"modified":"2025-11-09T19:42:01","modified_gmt":"2025-11-09T19:42:01","slug":"apollo-4in1-kletterset-pikler-dreieck-kletterbogen-rutschbrett-und-kissen-fur-kleine-kleinkind-astronauten","status":"publish","type":"product","link":"https:\/\/shopmama.lt\/lt\/produktas\/apollo-4in1-kletterset-pikler-dreieck-kletterbogen-rutschbrett-und-kissen-fur-kleine-kleinkind-astronauten\/","title":{"rendered":"Apollo 4in1 Kletterset: Pikler-Dreieck, Kletterbogen, Rutschbrett und Kissen f\u00fcr kleine Kleinkind-Astronauten"},"content":{"rendered":"<p><b>Inspiriert von den ersten Schritten auf dem Mond \u2013 f\u00fcr die ersten Abenteuer Ihres Kleinkindes.<\/b><\/p>\n<p><span style=\"font-weight: 400\">Apollo 4in1 Kletterset f\u00fcr kleine Kleinkind-Astronauten<\/span><\/p>\n<p><span style=\"font-weight: 400\">Eine limitierte Raumfahrt-Edition, inspiriert von der NASA-Mission Apollo 11<\/span><\/p>\n<p><span style=\"font-weight: 400\">Das Apollo 4in1 Kletterset ist nicht nur ein Sportkomplex f\u00fcr Kinder, sondern der erste Schritt in die Welt der Entdeckungen. So wie der Mensch erstmals die Oberfl\u00e4che des Mondes betrat, macht auch Ihr Kind die ersten mutigen Schritte in seiner Entwicklung. Dieses Set ist f\u00fcr Kinder im Alter von 1 bis 3 Jahren konzipiert, um die k\u00f6rperliche Fitness, motorischen F\u00e4higkeiten, das Gleichgewicht, die Koordination und das Selbstvertrauen in der Bewegung zu verbessern.<\/span><\/p>\n<p><span style=\"font-weight: 400\">Der Komplex passt leicht in kleine R\u00e4ume und kombiniert Funktionalit\u00e4t, Sicherheit und Montessori-Prinzipien.<\/span><\/p>\n<p><strong>Raumelemente des Sets:<\/strong><\/p>\n<ol>\n<li style=\"font-weight: 400\"><span style=\"font-weight: 400\">Dreieckige Leiter<\/span><\/li>\n<ul>\n<li style=\"font-weight: 400\"><span style=\"font-weight: 400\">Das Hauptelement zur St\u00e4rkung der Muskeln, Entwicklung motorischer F\u00e4higkeiten und Gleichgewicht.<\/span><\/li>\n<li style=\"font-weight: 400\">\n<span style=\"font-weight: 400\">Design: Bild des Mondes mit Flagge und Krater, eine Sonde, die zum\/vom Mond fliegt, die Erde, die Sonne, Sterne und der Name der Mission.<\/span><span style=\"font-weight: 400\"><br \/><\/span>\n<\/li>\n<\/ul>\n<li style=\"font-weight: 400\"><span style=\"font-weight: 400\">Kletterbogen<\/span><\/li>\n<ul>\n<li style=\"font-weight: 400\"><span style=\"font-weight: 400\">Dient als Rutsche und Balancier-Schaukel, f\u00f6rdert die Vorstellungskraft und Vielfalt im Spiel.<\/span><\/li>\n<li style=\"font-weight: 400\">\n<span style=\"font-weight: 400\">Design: Mondoberfl\u00e4che mit Kratern, Landef\u00e4hre, Identit\u00e4t der Mission 11.<\/span><span style=\"font-weight: 400\"><br \/><\/span>\n<\/li>\n<\/ul>\n<li style=\"font-weight: 400\"><span style=\"font-weight: 400\">Rutschbrett<\/span><\/li>\n<ul>\n<li style=\"font-weight: 400\"><span style=\"font-weight: 400\">Doppelseitig: eine Seite zum Rutschen, die andere zum Klettern mit bunten Vorspr\u00fcngen.<\/span><\/li>\n<li style=\"font-weight: 400\">\n<span style=\"font-weight: 400\">Design: Fu\u00dfabdr\u00fccke eines Astronauten auf dem Mond, Identit\u00e4t der Mission.<\/span><span style=\"font-weight: 400\"><br \/><\/span>\n<\/li>\n<\/ul>\n<li style=\"font-weight: 400\"><span style=\"font-weight: 400\">Kissen<\/span><\/li>\n<ul>\n<li style=\"font-weight: 400\"><span style=\"font-weight: 400\">Weich, leicht, sorgt f\u00fcr Komfort beim Spielen oder Entspannen.<\/span><\/li>\n<li style=\"font-weight: 400\">\n<span style=\"font-weight: 400\">Design: Weltraumdruck mit Apollo-11-Symbolen.<\/span><span style=\"font-weight: 400\"><br \/><\/span>\n<\/li>\n<\/ul>\n<\/ol>\n<p><span style=\"font-weight: 400\">Das Apollo 4in1 Kletterset ist ein Weltraumabenteuer in jeder Bewegung. Geben Sie Ihrem Kind die erste Mission, die es zu Hause mit W\u00e4rme, F\u00fcrsorge und Vorstellungskraft durchf\u00fchren wird.<\/span><\/p>","protected":false},"excerpt":{"rendered":"<p>Inspiriert von den ersten Schritten auf dem Mond \u2013 f\u00fcr die ersten Abenteuer Ihres Kleinkindes. Apollo 4in1 Kletterset f\u00fcr kleine Kleinkind-Astronauten Eine limitierte Raumfahrt-Edition, inspiriert von der NASA-Mission Apollo 11 Das Apollo 4in1 Kletterset ist nicht nur ein Sportkomplex f\u00fcr Kinder, sondern der erste Schritt in die Welt der Entdeckungen. So wie der Mensch erstmals [&hellip;]<\/p>","protected":false},"featured_media":801,"comment_status":"open","ping_status":"closed","template":"","meta":[],"product_brand":[],"product_cat":[15],"product_tag":[33,32],"class_list":{"0":"post-790","1":"product","2":"type-product","3":"status-publish","4":"has-post-thumbnail","6":"product_cat-be-kategorijos","7":"product_tag-goodeveu","8":"product_tag-nasa","10":"first","11":"instock","12":"taxable","13":"shipping-taxable","14":"purchasable","15":"product-type-simple"},"jetpack_sharing_enabled":true,"_links":{"self":[{"href":"https:\/\/shopmama.lt\/lt\/wp-json\/wp\/v2\/product\/790","targetHints":{"allow":["GET"]}}],"collection":[{"href":"https:\/\/shopmama.lt\/lt\/wp-json\/wp\/v2\/product"}],"about":[{"href":"https:\/\/shopmama.lt\/lt\/wp-json\/wp\/v2\/types\/product"}],"replies":[{"embeddable":true,"href":"https:\/\/shopmama.lt\/lt\/wp-json\/wp\/v2\/comments?post=790"}],"wp:featuredmedia":[{"embeddable":true,"href":"https:\/\/shopmama.lt\/lt\/wp-json\/wp\/v2\/media\/801"}],"wp:attachment":[{"href":"https:\/\/shopmama.lt\/lt\/wp-json\/wp\/v2\/media?parent=790"}],"wp:term":[{"taxonomy":"product_brand","embeddable":true,"href":"https:\/\/shopmama.lt\/lt\/wp-json\/wp\/v2\/product_brand?post=790"},{"taxonomy":"product_cat","embeddable":true,"href":"https:\/\/shopmama.lt\/lt\/wp-json\/wp\/v2\/product_cat?post=790"},{"taxonomy":"product_tag","embeddable":true,"href":"https:\/\/shopmama.lt\/lt\/wp-json\/wp\/v2\/product_tag?post=790"}],"curies":[{"name":"wp","href":"https:\/\/api.w.org\/{rel}","templated":true}]}}